{"id":23420,"date":"2020-10-26T09:01:04","date_gmt":"2020-10-26T08:01:04","guid":{"rendered":"https:\/\/getteronscamping.se\/find-here\/"},"modified":"2023-11-15T17:27:12","modified_gmt":"2023-11-15T16:27:12","slug":"find-here","status":"publish","type":"page","link":"https:\/\/getteronscamping.se\/en\/find-here\/","title":{"rendered":"Find here"},"content":{"rendered":"\t\t<div data-elementor-type=\"wp-page\" data-elementor-id=\"23420\" class=\"elementor elementor-23420 elementor-19776\" data-elementor-post-type=\"page\">\n\t\t\t\t\t\t<section class=\"elementor-section elementor-top-section elementor-element elementor-element-11aac86c elementor-section-full_width elementor-section-height-min-height elementor-section-height-default elementor-section-items-middle\" data-id=\"11aac86c\" data-element_type=\"section\" data-e-type=\"section\" data-settings=\"{&quot;background_background&quot;:&quot;classic&quot;,&quot;background_motion_fx_motion_fx_scrolling&quot;:&quot;yes&quot;,&quot;background_motion_fx_translateY_effect&quot;:&quot;yes&quot;,&quot;background_motion_fx_translateY_speed&quot;:{&quot;unit&quot;:&quot;px&quot;,&quot;size&quot;:3.3,&quot;sizes&quot;:[]},&quot;background_motion_fx_translateY_affectedRange&quot;:{&quot;unit&quot;:&quot;%&quot;,&quot;size&quot;:&quot;&quot;,&quot;sizes&quot;:{&quot;start&quot;:21,&quot;end&quot;:88}},&quot;background_motion_fx_devices&quot;:[&quot;desktop&quot;,&quot;tablet&quot;,&quot;mobile&quot;]}\">\n\t\t\t\t\t\t<div class=\"elementor-container elementor-column-gap-default\">\n\t\t\t\t\t<div class=\"elementor-column elementor-col-100 elementor-top-column elementor-element elementor-element-198c616e\" data-id=\"198c616e\" data-element_type=\"column\" data-e-type=\"column\">\n\t\t\t<div class=\"elementor-widget-wrap\">\n\t\t\t\t\t\t\t<\/div>\n\t\t<\/div>\n\t\t\t\t\t<\/div>\n\t\t<\/section>\n\t\t\t\t<section class=\"elementor-section elementor-top-section elementor-element elementor-element-2492960 elementor-section-boxed elementor-section-height-default elementor-section-height-default\" data-id=\"2492960\" data-element_type=\"section\" data-e-type=\"section\">\n\t\t\t\t\t\t<div class=\"elementor-container elementor-column-gap-default\">\n\t\t\t\t\t<div class=\"elementor-column elementor-col-100 elementor-top-column elementor-element elementor-element-15827438\" data-id=\"15827438\" data-element_type=\"column\" data-e-type=\"column\">\n\t\t\t<div class=\"elementor-widget-wrap elementor-element-populated\">\n\t\t\t\t\t\t<div class=\"elementor-element elementor-element-3e805921 elementor-widget elementor-widget-heading\" data-id=\"3e805921\" data-element_type=\"widget\" data-e-type=\"widget\" data-widget_type=\"heading.default\">\n\t\t\t\t<div class=\"elementor-widget-container\">\n\t\t\t\t\t<h1 class=\"elementor-heading-title elementor-size-default\">Find Getter\u00f6ns camping<\/h1>\t\t\t\t<\/div>\n\t\t\t\t<\/div>\n\t\t\t\t\t<\/div>\n\t\t<\/div>\n\t\t\t\t\t<\/div>\n\t\t<\/section>\n\t\t\t\t<section class=\"elementor-section elementor-top-section elementor-element elementor-element-efbe46d elementor-section-boxed elementor-section-height-default elementor-section-height-default\" data-id=\"efbe46d\" data-element_type=\"section\" data-e-type=\"section\" data-settings=\"{&quot;background_background&quot;:&quot;classic&quot;}\">\n\t\t\t\t\t\t<div class=\"elementor-container elementor-column-gap-default\">\n\t\t\t\t\t<div class=\"elementor-column elementor-col-100 elementor-top-column elementor-element elementor-element-e89125b\" data-id=\"e89125b\" data-element_type=\"column\" data-e-type=\"column\">\n\t\t\t<div class=\"elementor-widget-wrap elementor-element-populated\">\n\t\t\t\t\t\t<div class=\"elementor-element elementor-element-5c5821ef elementor-widget elementor-widget-text-editor\" data-id=\"5c5821ef\" data-element_type=\"widget\" data-e-type=\"widget\" data-widget_type=\"text-editor.default\">\n\t\t\t\t<div class=\"elementor-widget-container\">\n\t\t\t\t\t\t\t\t\t<h5>Getter\u00f6ns Camping AB<br \/>Valvikav\u00e4gen 3<br \/>432 93 Varberg &lt;br&gt; SWEDEN<\/h5>\n\t\t\t\t\t\t\t\t<\/div>\n\t\t\t\t<\/div>\n\t\t\t\t<div class=\"elementor-element elementor-element-26154e4 elementor-widget elementor-widget-google_maps\" data-id=\"26154e4\" data-element_type=\"widget\" data-e-type=\"widget\" data-widget_type=\"google_maps.default\">\n\t\t\t\t<div class=\"elementor-widget-container\">\n\t\t\t\t\t\t\t<div class=\"elementor-custom-embed\">\n\t\t\t<iframe loading=\"lazy\"\n\t\t\t\t\tsrc=\"https:\/\/maps.google.com\/maps?q=getter%C3%B6ns%20camping&#038;t=m&#038;z=12&#038;output=embed&#038;iwloc=near\"\n\t\t\t\t\ttitle=\"getter\u00f6ns camping\"\n\t\t\t\t\taria-label=\"getter\u00f6ns camping\"\n\t\t\t><\/iframe>\n\t\t<\/div>\n\t\t\t\t\t\t<\/div>\n\t\t\t\t<\/div>\n\t\t\t\t\t<\/div>\n\t\t<\/div>\n\t\t\t\t\t<\/div>\n\t\t<\/section>\n\t\t\t\t<\/div>\n\t\t","protected":false},"excerpt":{"rendered":"<p>Find Getter\u00f6ns camping Getter\u00f6ns Camping ABValvikav\u00e4gen 3432 93 Varberg &lt;br&gt; SWEDEN<\/p>\n","protected":false},"author":2,"featured_media":0,"parent":0,"menu_order":0,"comment_status":"closed","ping_status":"closed","template":"","meta":{"_acf_changed":false,"footnotes":""},"class_list":["post-23420","page","type-page","status-publish","hentry"],"acf":[],"_links":{"self":[{"href":"https:\/\/getteronscamping.se\/en\/wp-json\/wp\/v2\/pages\/23420","targetHints":{"allow":["GET"]}}],"collection":[{"href":"https:\/\/getteronscamping.se\/en\/wp-json\/wp\/v2\/pages"}],"about":[{"href":"https:\/\/getteronscamping.se\/en\/wp-json\/wp\/v2\/types\/page"}],"author":[{"embeddable":true,"href":"https:\/\/getteronscamping.se\/en\/wp-json\/wp\/v2\/users\/2"}],"replies":[{"embeddable":true,"href":"https:\/\/getteronscamping.se\/en\/wp-json\/wp\/v2\/comments?post=23420"}],"version-history":[{"count":3,"href":"https:\/\/getteronscamping.se\/en\/wp-json\/wp\/v2\/pages\/23420\/revisions"}],"predecessor-version":[{"id":23765,"href":"https:\/\/getteronscamping.se\/en\/wp-json\/wp\/v2\/pages\/23420\/revisions\/23765"}],"wp:attachment":[{"href":"https:\/\/getteronscamping.se\/en\/wp-json\/wp\/v2\/media?parent=23420"}],"curies":[{"name":"wp","href":"https:\/\/api.w.org\/{rel}","templated":true}]}}