{"id":23437,"date":"2020-10-18T09:58:41","date_gmt":"2020-10-18T08:58:41","guid":{"rendered":"https:\/\/getteronscamping.se\/rules-of-conduct\/"},"modified":"2025-07-07T15:21:23","modified_gmt":"2025-07-07T14:21:23","slug":"rules-of-conduct","status":"publish","type":"page","link":"https:\/\/getteronscamping.se\/en\/rules-of-conduct\/","title":{"rendered":"Rules of procedure"},"content":{"rendered":"\t\t<div data-elementor-type=\"wp-page\" data-elementor-id=\"23437\" class=\"elementor elementor-23437 elementor-19329\" data-elementor-post-type=\"page\">\n\t\t\t\t\t\t<section class=\"elementor-section elementor-top-section elementor-element elementor-element-2d0fb742 elementor-section-boxed elementor-section-height-default elementor-section-height-default\" data-id=\"2d0fb742\" data-element_type=\"section\" data-e-type=\"section\" data-settings=\"{&quot;background_background&quot;:&quot;classic&quot;}\">\n\t\t\t\t\t\t<div class=\"elementor-container elementor-column-gap-default\">\n\t\t\t\t\t<div class=\"elementor-column elementor-col-100 elementor-top-column elementor-element elementor-element-116ce5e0\" data-id=\"116ce5e0\" data-element_type=\"column\" data-e-type=\"column\" data-settings=\"{&quot;background_background&quot;:&quot;classic&quot;}\">\n\t\t\t<div class=\"elementor-widget-wrap elementor-element-populated\">\n\t\t\t\t\t\t<div class=\"elementor-element elementor-element-14bc69b5 elementor-widget elementor-widget-heading\" data-id=\"14bc69b5\" data-element_type=\"widget\" data-e-type=\"widget\" data-widget_type=\"heading.default\">\n\t\t\t\t<div class=\"elementor-widget-container\">\n\t\t\t\t\t<h1 class=\"elementor-heading-title elementor-size-default\">Getter\u00f6ns Camping's rules of conduct<\/h1>\t\t\t\t<\/div>\n\t\t\t\t<\/div>\n\t\t\t\t<div class=\"elementor-element elementor-element-bb64645 elementor-widget elementor-widget-spacer\" data-id=\"bb64645\" data-element_type=\"widget\" data-e-type=\"widget\" data-widget_type=\"spacer.default\">\n\t\t\t\t<div class=\"elementor-widget-container\">\n\t\t\t\t\t\t\t<div class=\"elementor-spacer\">\n\t\t\t<div class=\"elementor-spacer-inner\"><\/div>\n\t\t<\/div>\n\t\t\t\t\t\t<\/div>\n\t\t\t\t<\/div>\n\t\t\t\t\t<\/div>\n\t\t<\/div>\n\t\t\t\t\t<\/div>\n\t\t<\/section>\n\t\t\t\t<section class=\"elementor-section elementor-top-section elementor-element elementor-element-31582203 elementor-section-boxed elementor-section-height-default elementor-section-height-default\" data-id=\"31582203\" data-element_type=\"section\" data-e-type=\"section\" data-settings=\"{&quot;background_background&quot;:&quot;classic&quot;}\">\n\t\t\t\t\t\t<div class=\"elementor-container elementor-column-gap-default\">\n\t\t\t\t\t<div class=\"elementor-column elementor-col-100 elementor-top-column elementor-element elementor-element-5845f290\" data-id=\"5845f290\" data-element_type=\"column\" data-e-type=\"column\" data-settings=\"{&quot;background_background&quot;:&quot;classic&quot;}\">\n\t\t\t<div class=\"elementor-widget-wrap elementor-element-populated\">\n\t\t\t\t\t\t<div class=\"elementor-element elementor-element-3a3babc elementor-widget elementor-widget-heading\" data-id=\"3a3babc\" data-element_type=\"widget\" data-e-type=\"widget\" data-widget_type=\"heading.default\">\n\t\t\t\t<div class=\"elementor-widget-container\">\n\t\t\t\t\t<h2 class=\"elementor-heading-title elementor-size-default\">- for a great holiday!<\/h2>\t\t\t\t<\/div>\n\t\t\t\t<\/div>\n\t\t\t\t<div class=\"elementor-element elementor-element-85da134 elementor-widget elementor-widget-spacer\" data-id=\"85da134\" data-element_type=\"widget\" data-e-type=\"widget\" data-widget_type=\"spacer.default\">\n\t\t\t\t<div class=\"elementor-widget-container\">\n\t\t\t\t\t\t\t<div class=\"elementor-spacer\">\n\t\t\t<div class=\"elementor-spacer-inner\"><\/div>\n\t\t<\/div>\n\t\t\t\t\t\t<\/div>\n\t\t\t\t<\/div>\n\t\t\t\t<div class=\"elementor-element elementor-element-7641cfda elementor-widget elementor-widget-text-editor\" data-id=\"7641cfda\" data-element_type=\"widget\" data-e-type=\"widget\" data-widget_type=\"text-editor.default\">\n\t\t\t\t<div class=\"elementor-widget-container\">\n\t\t\t\t\t\t\t\t\t<p class=\"cvGsUA direction-ltr align-center para-style-body\" style=\"text-align: center;\"><em><strong><span class=\"OYPEnA text-decoration-none text-strikethrough-none\">Camping<\/span><\/strong><\/em><\/p><ol><li><span class=\"OYPEnA text-decoration-none text-strikethrough-none\">Only one accommodation unit is allowed on the campsite, this applies to all accommodation types.<\/span><\/li><li><span class=\"OYPEnA text-decoration-none text-strikethrough-none\">All caravans\/camper vans must be backed into the plots, with any pull out towards the reserved street. There should be 4 meters between teams. Misalignment shall be corrected at the request of the campsite. Motorhome sites can only accommodate motorhomes, not caravans. Caravans, motor homes and tents are allowed on campsites &#8211; as long as they meet the distance requirements!<\/span><\/li><li><span class=\"OYPEnA text-decoration-none text-strikethrough-none\">Caravan \/ tent + should be placed within the red stones on the plot to maintain the correct fire safety distance to neighbors according to R\u00e4ddningstj\u00e4nsten V\u00e4st.<\/span><\/li><li><span class=\"OYPEnA text-decoration-none text-strikethrough-none\">It is not permitted to set up standby tents of a permanent nature.<\/span><\/li><li><span class=\"OYPEnA text-decoration-none text-strikethrough-none\">The maximum height for fences\/windbreaks is 140 cm. The maximum depth for skewers\/fence and tent pegs is 30 cm.<\/span><\/li><li><span class=\"OYPEnA text-decoration-none text-strikethrough-none\">You must ensure that LPG and electrical equipment is approved in accordance with current regulations.<\/span><\/li><li><span class=\"OYPEnA text-decoration-none text-strikethrough-none\">Sewage from the caravan must go into a closed container (waste water hose). This applies if there is no sewage connection on the campsite.<\/span><\/li><li><span class=\"OYPEnA text-decoration-none text-strikethrough-none\">No motorized traffic is allowed between noon and midnight. 00.00-06.00. and it should be quiet between the hours of 23-07.00.<\/span><\/li><li><span class=\"OYPEnA text-decoration-none text-strikethrough-none\">Dogs must be leashed and walked outside the camping area. Pets are not allowed in communal areas.<\/span><\/li><li><span class=\"OYPEnA text-decoration-none text-strikethrough-none\">Garbage should be thrown away and possibly sorted in our ground containers located at each service house.<\/span><\/li><li><span class=\"OYPEnA text-decoration-none text-strikethrough-none\">Grilling can only be done with a grill. Disposable barbecues should not be placed on grassed areas. Remember to keep water close at hand.<\/span><\/li><li style=\"text-align: left;\"><span class=\"OYPEnA text-decoration-none text-strikethrough-none\">Sales at and within the campsite may only take place with the permission of the campsite.<br><\/span><\/li><\/ol>\t\t\t\t\t\t\t\t<\/div>\n\t\t\t\t<\/div>\n\t\t\t\t<div class=\"elementor-element elementor-element-090811f elementor-widget elementor-widget-spacer\" data-id=\"090811f\" data-element_type=\"widget\" data-e-type=\"widget\" data-widget_type=\"spacer.default\">\n\t\t\t\t<div class=\"elementor-widget-container\">\n\t\t\t\t\t\t\t<div class=\"elementor-spacer\">\n\t\t\t<div class=\"elementor-spacer-inner\"><\/div>\n\t\t<\/div>\n\t\t\t\t\t\t<\/div>\n\t\t\t\t<\/div>\n\t\t\t\t<div class=\"elementor-element elementor-element-13af15d elementor-widget elementor-widget-text-editor\" data-id=\"13af15d\" data-element_type=\"widget\" data-e-type=\"widget\" data-widget_type=\"text-editor.default\">\n\t\t\t\t<div class=\"elementor-widget-container\">\n\t\t\t\t\t\t\t\t\t<p class=\"cvGsUA direction-ltr align-center para-style-body\" style=\"text-align: center;\"><em><strong><span class=\"OYPEnA text-decoration-none text-strikethrough-none\">El<\/span><\/strong><\/em><\/p><ol><li><span class=\"OYPEnA text-decoration-none text-strikethrough-none\">No splices\/adapters on the cable to the power pole are allowed, the cable must be of type CEE with a minimum area of 2.5mm\u00b2.<\/span><\/li><li><span style=\"background-color: transparent; text-align: var(--text-align);\">Getter\u00f6ns Camping is responsible for the electricity supply on the campsite up to the socket. All our campsites are protected by a separate RCD. The campsite cannot be held responsible for any power outages due to a tripped earth leakage switch as a result of incorrect connections, moisture in cables or other equipment. The campsite is not responsible for external factors such as operational disturbances and planned interruptions at Varberg Energi.<\/span><\/li><li><span class=\"OYPEnA text-decoration-none text-strikethrough-none\">Charging of electric cars is not allowed via electrical outlets or via caravan\/camper. Special electric car parking\/charging can be booked at reception.<\/span><\/li><\/ol>\t\t\t\t\t\t\t\t<\/div>\n\t\t\t\t<\/div>\n\t\t\t\t<div class=\"elementor-element elementor-element-aebff23 elementor-widget elementor-widget-spacer\" data-id=\"aebff23\" data-element_type=\"widget\" data-e-type=\"widget\" data-widget_type=\"spacer.default\">\n\t\t\t\t<div class=\"elementor-widget-container\">\n\t\t\t\t\t\t\t<div class=\"elementor-spacer\">\n\t\t\t<div class=\"elementor-spacer-inner\"><\/div>\n\t\t<\/div>\n\t\t\t\t\t\t<\/div>\n\t\t\t\t<\/div>\n\t\t\t\t<div class=\"elementor-element elementor-element-4fddd86 elementor-widget elementor-widget-text-editor\" data-id=\"4fddd86\" data-element_type=\"widget\" data-e-type=\"widget\" data-widget_type=\"text-editor.default\">\n\t\t\t\t<div class=\"elementor-widget-container\">\n\t\t\t\t\t\t\t\t\t<p class=\"cvGsUA direction-ltr align-center para-style-body\" style=\"text-align: center;\"><em><strong><span class=\"OYPEnA text-decoration-none text-strikethrough-none\">Infringement<\/span><\/strong><\/em><\/p><ol><li><span class=\"OYPEnA text-decoration-none text-strikethrough-none\">Be considerate! General disruptive behavior is not allowed.<\/span><\/li><li><span class=\"OYPEnA text-decoration-none text-strikethrough-none\">If you as a guest damage buildings, materials or the property of other guests, you may be liable for compensation.<\/span><\/li><li><span class=\"OYPEnA text-decoration-none text-strikethrough-none\">Getter\u00f6ns Camping is not responsible for damage to, or loss of, campers&#8217; possessions.<\/span><\/li><li><span class=\"OYPEnA text-decoration-none text-strikethrough-none\">Getter\u00f6n&#8217;s campsite is a tourist facility and it is therefore not allowed to use the campsite for accommodation of a different nature, e.g. in a hotel. permanent residents, to register or change their address to the establishment.<\/span><\/li><li><span class=\"OYPEnA text-decoration-none text-strikethrough-none\">If, during the night, you disturb your surroundings to the extent that on-call staff \/ security companies have to be called out, you may be charged 2500 SEK.<\/span><\/li><li><span class=\"OYPEnA text-decoration-none text-strikethrough-none\">In the event of a breach of any of the campsite&#8217;s regulations, the staff are entitled to expel you and your belongings from the campsite with immediate effect and also to remove vehicles and equipment at your expense. In case of expulsion, you will not be refunded for your stay.<\/span><\/li><\/ol>\t\t\t\t\t\t\t\t<\/div>\n\t\t\t\t<\/div>\n\t\t\t\t<div class=\"elementor-element elementor-element-babba48 elementor-widget elementor-widget-spacer\" data-id=\"babba48\" data-element_type=\"widget\" data-e-type=\"widget\" data-widget_type=\"spacer.default\">\n\t\t\t\t<div class=\"elementor-widget-container\">\n\t\t\t\t\t\t\t<div class=\"elementor-spacer\">\n\t\t\t<div class=\"elementor-spacer-inner\"><\/div>\n\t\t<\/div>\n\t\t\t\t\t\t<\/div>\n\t\t\t\t<\/div>\n\t\t\t\t<div class=\"elementor-element elementor-element-7cc626a elementor-widget elementor-widget-heading\" data-id=\"7cc626a\" data-element_type=\"widget\" data-e-type=\"widget\" data-widget_type=\"heading.default\">\n\t\t\t\t<div class=\"elementor-widget-container\">\n\t\t\t\t\t<h6 class=\"elementor-heading-title elementor-size-default\">Getter\u00f6ns camping reserves the right to correct the rules of order during the season to ensure a safe and pleasant campsite.<\/h6>\t\t\t\t<\/div>\n\t\t\t\t<\/div>\n\t\t\t\t\t<\/div>\n\t\t<\/div>\n\t\t\t\t\t<\/div>\n\t\t<\/section>\n\t\t\t\t<section class=\"elementor-section elementor-top-section elementor-element elementor-element-153ec0ef elementor-section-boxed elementor-section-height-default elementor-section-height-default\" data-id=\"153ec0ef\" data-element_type=\"section\" data-e-type=\"section\" data-settings=\"{&quot;background_background&quot;:&quot;classic&quot;}\">\n\t\t\t\t\t\t<div class=\"elementor-container elementor-column-gap-default\">\n\t\t\t\t\t<div class=\"elementor-column elementor-col-100 elementor-top-column elementor-element elementor-element-461b9c17\" data-id=\"461b9c17\" data-element_type=\"column\" data-e-type=\"column\">\n\t\t\t<div class=\"elementor-widget-wrap elementor-element-populated\">\n\t\t\t\t\t\t<div class=\"elementor-element elementor-element-7fef4160 elementor-widget elementor-widget-text-editor\" data-id=\"7fef4160\" data-element_type=\"widget\" data-e-type=\"widget\" data-widget_type=\"text-editor.default\">\n\t\t\t\t<div class=\"elementor-widget-container\">\n\t\t\t\t\t\t\t\t\t<h5 style=\"text-align: center;\">Download the Rules of Procedure in PDF format by <a href=\"https:\/\/getteronscamping.se\/uploaded\/pdf\/Ordningsregler_Getterons_camping_2019.pdf\">clicking here<\/a>.<\/h5>\t\t\t\t\t\t\t\t<\/div>\n\t\t\t\t<\/div>\n\t\t\t\t\t<\/div>\n\t\t<\/div>\n\t\t\t\t\t<\/div>\n\t\t<\/section>\n\t\t\t\t<\/div>\n\t\t","protected":false},"excerpt":{"rendered":"<p>Getter\u00f6ns Camping&#8217;s rules of conduct &#8211; for a great holiday! Camping Only one accommodation unit is allowed on the campsite, this applies to all accommodation types. All caravans\/camper vans must be backed into the plots, with any pull out towards the reserved street. There should be 4 meters between teams. Misalignment shall be corrected at [&hellip;]<\/p>\n","protected":false},"author":2,"featured_media":0,"parent":0,"menu_order":0,"comment_status":"closed","ping_status":"closed","template":"","meta":{"_acf_changed":false,"footnotes":""},"class_list":["post-23437","page","type-page","status-publish","hentry"],"acf":[],"_links":{"self":[{"href":"https:\/\/getteronscamping.se\/en\/wp-json\/wp\/v2\/pages\/23437","targetHints":{"allow":["GET"]}}],"collection":[{"href":"https:\/\/getteronscamping.se\/en\/wp-json\/wp\/v2\/pages"}],"about":[{"href":"https:\/\/getteronscamping.se\/en\/wp-json\/wp\/v2\/types\/page"}],"author":[{"embeddable":true,"href":"https:\/\/getteronscamping.se\/en\/wp-json\/wp\/v2\/users\/2"}],"replies":[{"embeddable":true,"href":"https:\/\/getteronscamping.se\/en\/wp-json\/wp\/v2\/comments?post=23437"}],"version-history":[{"count":6,"href":"https:\/\/getteronscamping.se\/en\/wp-json\/wp\/v2\/pages\/23437\/revisions"}],"predecessor-version":[{"id":28965,"href":"https:\/\/getteronscamping.se\/en\/wp-json\/wp\/v2\/pages\/23437\/revisions\/28965"}],"wp:attachment":[{"href":"https:\/\/getteronscamping.se\/en\/wp-json\/wp\/v2\/media?parent=23437"}],"curies":[{"name":"wp","href":"https:\/\/api.w.org\/{rel}","templated":true}]}}